{"id":3,"date":"2022-08-25T12:25:09","date_gmt":"2022-08-25T15:25:09","guid":{"rendered":"http:\/\/ticketpago.com.br\/?page_id=3"},"modified":"2022-09-05T17:43:58","modified_gmt":"2022-09-05T20:43:58","slug":"politica-de-privacidade","status":"publish","type":"page","link":"https:\/\/ticketpago.com.br\/?page_id=3","title":{"rendered":"Pol\u00edtica de Privacidade"},"content":{"rendered":"\t\t<div data-elementor-type=\"wp-page\" data-elementor-id=\"3\" class=\"elementor elementor-3\">\n\t\t\t\t\t\t\t\t\t<section class=\"elementor-section elementor-top-section elementor-element elementor-element-4686459c elementor-section-boxed elementor-section-height-default elementor-section-height-default wpr-particle-no wpr-jarallax-no wpr-parallax-no wpr-sticky-section-no\" data-id=\"4686459c\" data-element_type=\"section\">\n\t\t\t\t\t\t<div class=\"elementor-container elementor-column-gap-default\">\n\t\t\t\t\t<div class=\"elementor-column elementor-col-100 elementor-top-column elementor-element elementor-element-2ab64cb1\" data-id=\"2ab64cb1\" data-element_type=\"column\">\n\t\t\t<div class=\"elementor-widget-wrap elementor-element-populated\">\n\t\t\t\t\t\t\t\t<div class=\"elementor-element elementor-element-cfe060c elementor-widget elementor-widget-heading\" data-id=\"cfe060c\" data-element_type=\"widget\" data-widget_type=\"heading.default\">\n\t\t\t\t<div class=\"elementor-widget-container\">\n\t\t\t<style>\/*! elementor - v3.7.4 - 31-08-2022 *\/\n.elementor-heading-title{padding:0;margin:0;line-height:1}.elementor-widget-heading .elementor-heading-title[class*=elementor-size-]>a{color:inherit;font-size:inherit;line-height:inherit}.elementor-widget-heading .elementor-heading-title.elementor-size-small{font-size:15px}.elementor-widget-heading .elementor-heading-title.elementor-size-medium{font-size:19px}.elementor-widget-heading .elementor-heading-title.elementor-size-large{font-size:29px}.elementor-widget-heading .elementor-heading-title.elementor-size-xl{font-size:39px}.elementor-widget-heading .elementor-heading-title.elementor-size-xxl{font-size:59px}<\/style><h2 class=\"elementor-heading-title elementor-size-default\">Pol\u00edtica de Privacidade<\/h2>\t\t<\/div>\n\t\t\t\t<\/div>\n\t\t\t\t<div class=\"elementor-element elementor-element-4304f20 elementor-widget elementor-widget-text-editor\" data-id=\"4304f20\" data-element_type=\"widget\" data-widget_type=\"text-editor.default\">\n\t\t\t\t<div class=\"elementor-widget-container\">\n\t\t\t<style>\/*! elementor - v3.7.4 - 31-08-2022 *\/\n.elementor-widget-text-editor.elementor-drop-cap-view-stacked .elementor-drop-cap{background-color:#818a91;color:#fff}.elementor-widget-text-editor.elementor-drop-cap-view-framed .elementor-drop-cap{color:#818a91;border:3px solid;background-color:transparent}.elementor-widget-text-editor:not(.elementor-drop-cap-view-default) .elementor-drop-cap{margin-top:8px}.elementor-widget-text-editor:not(.elementor-drop-cap-view-default) .elementor-drop-cap-letter{width:1em;height:1em}.elementor-widget-text-editor .elementor-drop-cap{float:left;text-align:center;line-height:1;font-size:50px}.elementor-widget-text-editor .elementor-drop-cap-letter{display:inline-block}<\/style>\t\t\t\t<p>Todas as informa\u00e7\u00f5es coletadas neste local ser\u00e3o mantidas no mais absoluto sigilo e n\u00e3o ser\u00e3o vendidas, alugadas, divulgadas ou emprestadas! Toda a informa\u00e7\u00e3o que voc\u00ea fornecer ser\u00e1 guardada com o m\u00e1ximo cuidado. Todos os seus dados trafegam pelo site por meio de conex\u00e3o segura (HTTPS) e a plataforma \u00e9 certificada PCI-DSS, que \u00e9 um conjunto de diretivas de seguran\u00e7a para transa\u00e7\u00f5es de cart\u00e3o de cr\u00e9dito mundialmente aceito. Tenha em mente, por\u00e9m, que nenhuma transa\u00e7\u00e3o de dados via Internet \u00e9 100% segura. Portanto, \u00e9 importante que voc\u00ea mantenha sempre seus dispositivos atualizados e utilize prote\u00e7\u00f5es adicionais, como antiv\u00edrus, por exemplo.<\/p>\t\t\t\t\t\t<\/div>\n\t\t\t\t<\/div>\n\t\t\t\t<div class=\"elementor-element elementor-element-4b1a99a elementor-widget elementor-widget-spacer\" data-id=\"4b1a99a\" data-element_type=\"widget\" data-widget_type=\"spacer.default\">\n\t\t\t\t<div class=\"elementor-widget-container\">\n\t\t\t<style>\/*! elementor - v3.7.4 - 31-08-2022 *\/\n.elementor-column .elementor-spacer-inner{height:var(--spacer-size)}.e-container{--container-widget-width:100%}.e-container>.elementor-widget-spacer{width:var(--container-widget-width,var(--spacer-size));-ms-flex-item-align:stretch;align-self:stretch;-ms-flex-negative:0;flex-shrink:0}.e-container>.elementor-widget-spacer>.elementor-widget-container,.e-container>.elementor-widget-spacer>.elementor-widget-container>.elementor-spacer{height:100%}.e-container>.elementor-widget-spacer>.elementor-widget-container>.elementor-spacer>.elementor-spacer-inner{height:var(--container-widget-height,var(--spacer-size))}<\/style>\t\t<div class=\"elementor-spacer\">\n\t\t\t<div class=\"elementor-spacer-inner\"><\/div>\n\t\t<\/div>\n\t\t\t\t<\/div>\n\t\t\t\t<\/div>\n\t\t\t\t<div class=\"elementor-element elementor-element-69854cf elementor-widget elementor-widget-heading\" data-id=\"69854cf\" data-element_type=\"widget\" data-widget_type=\"heading.default\">\n\t\t\t\t<div class=\"elementor-widget-container\">\n\t\t\t<h2 class=\"elementor-heading-title elementor-size-default\">Dados Pessoais<\/h2>\t\t<\/div>\n\t\t\t\t<\/div>\n\t\t\t\t<div class=\"elementor-element elementor-element-7ac5353 elementor-widget elementor-widget-text-editor\" data-id=\"7ac5353\" data-element_type=\"widget\" data-widget_type=\"text-editor.default\">\n\t\t\t\t<div class=\"elementor-widget-container\">\n\t\t\t\t\t\t\t<p>Ao cadastrar-se no site da Ticket Pago, haver\u00e1 a coleta dos dados pessoais dos usu\u00e1rios, que ficar\u00e3o armazenados em nosso servidor como: nome completo, telefone celular e e-mail. Os usu\u00e1rios assumem a responsabilidade sobre as informa\u00e7\u00f5es pessoais que est\u00e3o fornecendo \u00e0 Ticket Pago, bem como, as consequ\u00eancias de suas decis\u00f5es.<\/p>\t\t\t\t\t\t<\/div>\n\t\t\t\t<\/div>\n\t\t\t\t<div class=\"elementor-element elementor-element-e551023 elementor-widget elementor-widget-spacer\" data-id=\"e551023\" data-element_type=\"widget\" data-widget_type=\"spacer.default\">\n\t\t\t\t<div class=\"elementor-widget-container\">\n\t\t\t\t\t<div class=\"elementor-spacer\">\n\t\t\t<div class=\"elementor-spacer-inner\"><\/div>\n\t\t<\/div>\n\t\t\t\t<\/div>\n\t\t\t\t<\/div>\n\t\t\t\t<div class=\"elementor-element elementor-element-4df05ef elementor-widget elementor-widget-heading\" data-id=\"4df05ef\" data-element_type=\"widget\" data-widget_type=\"heading.default\">\n\t\t\t\t<div class=\"elementor-widget-container\">\n\t\t\t<h2 class=\"elementor-heading-title elementor-size-default\">Coleta de Cookies<\/h2>\t\t<\/div>\n\t\t\t\t<\/div>\n\t\t\t\t<div class=\"elementor-element elementor-element-248a885 elementor-widget elementor-widget-text-editor\" data-id=\"248a885\" data-element_type=\"widget\" data-widget_type=\"text-editor.default\">\n\t\t\t\t<div class=\"elementor-widget-container\">\n\t\t\t\t\t\t\t<p>O site utiliza cookies para agilizar e personalizar a sua experi\u00eancia ao visitar o nosso site. Cookies s\u00e3o arquivos tempor\u00e1rios de dados enviados pelo site e armazenados no seu navegador. Estes arquivos s\u00f3 podem ser acessados pelo site que os gravou e permite que o sistema se comporte de maneira mais adequada, lembrando, por exemplo, do seu e-mail de acesso ou do seu \u00faltimo login. Voc\u00ea pode optar por limpar os cookies do seu navegador ao t\u00e9rmino da compra. Por\u00e9m, se o fizer, dever\u00e1 realizar o login novamente se optar por usar o site novamente. A Ticket Pago coletar\u00e1 e poder\u00e1 usar seus dados via cookies como parte dos servi\u00e7os oferecidos, para atender seus interesses e oferecer e mensurar an\u00fancios personalizados. N\u00f3s tamb\u00e9m oferecemos an\u00fancios personalizados em servi\u00e7os parceiros. Ademais, n\u00f3s trabalhamos com parceiros que poder\u00e3o coletar seus dados quando voc\u00ea usar nossos servi\u00e7os, para que eles possam oferecer e mensurar an\u00fancios personalizados, bem como para outros fins relacionados a an\u00fancios.<\/p>\t\t\t\t\t\t<\/div>\n\t\t\t\t<\/div>\n\t\t\t\t<div class=\"elementor-element elementor-element-b025e33 elementor-widget elementor-widget-spacer\" data-id=\"b025e33\" data-element_type=\"widget\" data-widget_type=\"spacer.default\">\n\t\t\t\t<div class=\"elementor-widget-container\">\n\t\t\t\t\t<div class=\"elementor-spacer\">\n\t\t\t<div class=\"elementor-spacer-inner\"><\/div>\n\t\t<\/div>\n\t\t\t\t<\/div>\n\t\t\t\t<\/div>\n\t\t\t\t<div class=\"elementor-element elementor-element-8e90238 elementor-widget elementor-widget-heading\" data-id=\"8e90238\" data-element_type=\"widget\" data-widget_type=\"heading.default\">\n\t\t\t\t<div class=\"elementor-widget-container\">\n\t\t\t<h2 class=\"elementor-heading-title elementor-size-default\">Disparo de E-mail Marketing e SMS<\/h2>\t\t<\/div>\n\t\t\t\t<\/div>\n\t\t\t\t<div class=\"elementor-element elementor-element-68aaff0 elementor-widget elementor-widget-text-editor\" data-id=\"68aaff0\" data-element_type=\"widget\" data-widget_type=\"text-editor.default\">\n\t\t\t\t<div class=\"elementor-widget-container\">\n\t\t\t\t\t\t\t<p>A Ticket Pago tem uma Pol\u00edtica AntiSpam e segue as regras e boas pr\u00e1ticas de marketing n\u00e3o enviando Spam. Obedecemos a todos os crit\u00e9rios do C\u00f3digo de Autorregulamenta\u00e7\u00e3o para a Pr\u00e1tica de E-mail Marketing (CAPEM \u2013 www.capem.org.br). O E-mail Marketing e o SMS \u00e9 uma ferramenta importante para a comunica\u00e7\u00e3o com o cliente. Criar e enviar e-mail marketing exige um criterioso sistema a ser seguido, para preserva\u00e7\u00e3o da privacidade e seguran\u00e7a do cliente. Todo E-mail Marketing enviado pela Ticket Pago conta com o consentimento do cliente (Opt-in), pois ele mesmo opta por receber atrav\u00e9s de uma inscri\u00e7\u00e3o ou implicitamente quando \u00e9 estabelecido um contato entre as partes, sem que se utilize de meios intrusivos. Todos os e-mails enviados pela Ticket Pago possuem o link de opt-out (op\u00e7\u00e3o de descadastramento do e-mail para receber futuras mensagens), desse modo \u00e9 respeitada integralmente a privacidade e liberdade de quem recebe a mensagem.<\/p>\t\t\t\t\t\t<\/div>\n\t\t\t\t<\/div>\n\t\t\t\t<div class=\"elementor-element elementor-element-6738a7f elementor-widget elementor-widget-spacer\" data-id=\"6738a7f\" data-element_type=\"widget\" data-widget_type=\"spacer.default\">\n\t\t\t\t<div class=\"elementor-widget-container\">\n\t\t\t\t\t<div class=\"elementor-spacer\">\n\t\t\t<div class=\"elementor-spacer-inner\"><\/div>\n\t\t<\/div>\n\t\t\t\t<\/div>\n\t\t\t\t<\/div>\n\t\t\t\t<div class=\"elementor-element elementor-element-e2c482f elementor-widget elementor-widget-heading\" data-id=\"e2c482f\" data-element_type=\"widget\" data-widget_type=\"heading.default\">\n\t\t\t\t<div class=\"elementor-widget-container\">\n\t\t\t<h2 class=\"elementor-heading-title elementor-size-default\">Exclus\u00e3o de Dados<\/h2>\t\t<\/div>\n\t\t\t\t<\/div>\n\t\t\t\t<div class=\"elementor-element elementor-element-a39b7b2 elementor-widget elementor-widget-text-editor\" data-id=\"a39b7b2\" data-element_type=\"widget\" data-widget_type=\"text-editor.default\">\n\t\t\t\t<div class=\"elementor-widget-container\">\n\t\t\t\t\t\t\t<p>\u00c9 poss\u00edvel solicitar a remo\u00e7\u00e3o dos seus dados da nossa plataforma, sendo necess\u00e1rio entrar em contato com nosso\u00a0atendimento. A remo\u00e7\u00e3o dos dados pode levar at\u00e9 15 (quinze) dias da data da solicita\u00e7\u00e3o.<\/p>\t\t\t\t\t\t<\/div>\n\t\t\t\t<\/div>\n\t\t\t\t<div class=\"elementor-element elementor-element-2d214c3 elementor-widget elementor-widget-spacer\" data-id=\"2d214c3\" data-element_type=\"widget\" data-widget_type=\"spacer.default\">\n\t\t\t\t<div class=\"elementor-widget-container\">\n\t\t\t\t\t<div class=\"elementor-spacer\">\n\t\t\t<div class=\"elementor-spacer-inner\"><\/div>\n\t\t<\/div>\n\t\t\t\t<\/div>\n\t\t\t\t<\/div>\n\t\t\t\t<div class=\"elementor-element elementor-element-7cd43ef elementor-widget elementor-widget-heading\" data-id=\"7cd43ef\" data-element_type=\"widget\" data-widget_type=\"heading.default\">\n\t\t\t\t<div class=\"elementor-widget-container\">\n\t\t\t<h2 class=\"elementor-heading-title elementor-size-default\">Considera\u00e7\u00f5es Finais<\/h2>\t\t<\/div>\n\t\t\t\t<\/div>\n\t\t\t\t<div class=\"elementor-element elementor-element-04b45ae elementor-widget elementor-widget-text-editor\" data-id=\"04b45ae\" data-element_type=\"widget\" data-widget_type=\"text-editor.default\">\n\t\t\t\t<div class=\"elementor-widget-container\">\n\t\t\t\t\t\t\t<p>A Ticket Pago, bem como as demais ferramentas citadas neste t\u00f3pico, est\u00e1 em constante aprimoramento, visando melhorias de acessibilidade e navega\u00e7\u00e3o, bem como corre\u00e7\u00e3o de poss\u00edveis problemas, o que poder\u00e1 gerar altera\u00e7\u00e3o no processo de utiliza\u00e7\u00e3o destas mesmas ferramentas, sem que se fa\u00e7a necess\u00e1rio o aviso pr\u00e9vio aos usu\u00e1rios. Havendo a necessidade, por\u00e9m, este termo poder\u00e1 ser revisado e atualizado, para conhecimento do p\u00fablico geral. A utiliza\u00e7\u00e3o do site da Ticket Pago e Aplicativos, implica automaticamente que o usu\u00e1rio est\u00e1 de acordo com as Pol\u00edticas de Privacidade e Seguran\u00e7a.<\/p>\t\t\t\t\t\t<\/div>\n\t\t\t\t<\/div>\n\t\t\t\t\t<\/div>\n\t\t<\/div>\n\t\t\t\t\t\t\t<\/div>\n\t\t<\/section>\n\t\t\t\t\t\t\t<\/div>\n\t\t","protected":false},"excerpt":{"rendered":"<p>Pol\u00edtica de Privacidade Todas as informa\u00e7\u00f5es coletadas neste local ser\u00e3o mantidas no mais absoluto sigilo e n\u00e3o ser\u00e3o vendidas, alugadas, divulgadas ou emprestadas! Toda a informa\u00e7\u00e3o que voc\u00ea fornecer ser\u00e1 guardada com o m\u00e1ximo cuidado. Todos os seus dados trafegam pelo site por meio de conex\u00e3o segura (HTTPS) e a plataforma \u00e9 certificada PCI-DSS, que [&hellip;]<\/p>\n","protected":false},"author":1,"featured_media":0,"parent":0,"menu_order":0,"comment_status":"closed","ping_status":"closed","template":"","meta":{"footnotes":""},"class_list":["post-3","page","type-page","status-publish","hentry"],"_links":{"self":[{"href":"https:\/\/ticketpago.com.br\/index.php?rest_route=\/wp\/v2\/pages\/3","targetHints":{"allow":["GET"]}}],"collection":[{"href":"https:\/\/ticketpago.com.br\/index.php?rest_route=\/wp\/v2\/pages"}],"about":[{"href":"https:\/\/ticketpago.com.br\/index.php?rest_route=\/wp\/v2\/types\/page"}],"author":[{"embeddable":true,"href":"https:\/\/ticketpago.com.br\/index.php?rest_route=\/wp\/v2\/users\/1"}],"replies":[{"embeddable":true,"href":"https:\/\/ticketpago.com.br\/index.php?rest_route=%2Fwp%2Fv2%2Fcomments&post=3"}],"version-history":[{"count":12,"href":"https:\/\/ticketpago.com.br\/index.php?rest_route=\/wp\/v2\/pages\/3\/revisions"}],"predecessor-version":[{"id":197,"href":"https:\/\/ticketpago.com.br\/index.php?rest_route=\/wp\/v2\/pages\/3\/revisions\/197"}],"wp:attachment":[{"href":"https:\/\/ticketpago.com.br\/index.php?rest_route=%2Fwp%2Fv2%2Fmedia&parent=3"}],"curies":[{"name":"wp","href":"https:\/\/api.w.org\/{rel}","templated":true}]}}